{"id":3,"date":"2025-05-13T08:35:15","date_gmt":"2025-05-13T08:35:15","guid":{"rendered":"https:\/\/www.circuitosimpresos.net\/?page_id=3"},"modified":"2025-10-03T11:05:42","modified_gmt":"2025-10-03T09:05:42","slug":"legal-y-privacidad","status":"publish","type":"page","link":"https:\/\/www.circuitosimpresos.net\/en\/legal-y-privacidad\/","title":{"rendered":"Legal y Privacidad"},"content":{"rendered":"<div data-elementor-type=\"wp-page\" data-elementor-id=\"3\" class=\"elementor elementor-3\" data-elementor-post-type=\"page\">\n\t\t\t\t\t\t<section class=\"elementor-section elementor-top-section elementor-element elementor-element-0636cab elementor-section-content-middle elementor-section-boxed elementor-section-height-default elementor-section-height-default\" data-id=\"0636cab\" data-element_type=\"section\" data-e-type=\"section\" data-settings=\"{&quot;background_background&quot;:&quot;classic&quot;}\">\n\t\t\t\t\t\t\t<div class=\"elementor-background-overlay\"><\/div>\n\t\t\t\t\t\t\t<div class=\"elementor-container elementor-column-gap-wider\">\n\t\t\t\t\t<div class=\"elementor-column elementor-col-50 elementor-top-column elementor-element elementor-element-2f527ce\" data-id=\"2f527ce\" data-element_type=\"column\" data-e-type=\"column\" data-settings=\"{&quot;background_background&quot;:&quot;classic&quot;}\">\n\t\t\t<div class=\"elementor-widget-wrap elementor-element-populated\">\n\t\t\t\t\t\t<section class=\"elementor-section elementor-inner-section elementor-element elementor-element-2d5d3d7 elementor-section-height-min-height elementor-section-content-middle elementor-section-boxed elementor-section-height-default\" data-id=\"2d5d3d7\" data-element_type=\"section\" data-e-type=\"section\" data-settings=\"{&quot;background_background&quot;:&quot;classic&quot;}\">\n\t\t\t\t\t\t<div class=\"elementor-container elementor-column-gap-wider\">\n\t\t\t\t\t<div class=\"elementor-column elementor-col-100 elementor-inner-column elementor-element elementor-element-6d75a52\" data-id=\"6d75a52\" data-element_type=\"column\" data-e-type=\"column\" data-settings=\"{&quot;background_background&quot;:&quot;classic&quot;}\">\n\t\t\t<div class=\"elementor-widget-wrap elementor-element-populated\">\n\t\t\t\t\t\t<div class=\"elementor-element elementor-element-7b66f7a elementor-invisible elementor-widget elementor-widget-heading\" data-id=\"7b66f7a\" data-element_type=\"widget\" data-e-type=\"widget\" data-settings=\"{&quot;_animation&quot;:&quot;fadeInDown&quot;}\" data-widget_type=\"heading.default\">\n\t\t\t\t<div class=\"elementor-widget-container\">\n\t\t\t\t\t<h1 class=\"elementor-heading-title elementor-size-default\">Legal y Privacidad<\/h1>\t\t\t\t<\/div>\n\t\t\t\t<\/div>\n\t\t\t\t<div class=\"elementor-element elementor-element-37eaa71 elementor-widget elementor-widget-spacer\" data-id=\"37eaa71\" data-element_type=\"widget\" data-e-type=\"widget\" data-widget_type=\"spacer.default\">\n\t\t\t\t<div class=\"elementor-widget-container\">\n\t\t\t\t\t\t\t<div class=\"elementor-spacer\">\n\t\t\t<div class=\"elementor-spacer-inner\"><\/div>\n\t\t<\/div>\n\t\t\t\t\t\t<\/div>\n\t\t\t\t<\/div>\n\t\t\t\t\t<\/div>\n\t\t<\/div>\n\t\t\t\t\t<\/div>\n\t\t<\/section>\n\t\t\t\t\t<\/div>\n\t\t<\/div>\n\t\t\t\t<div class=\"elementor-column elementor-col-50 elementor-top-column elementor-element elementor-element-27baa0b\" data-id=\"27baa0b\" data-element_type=\"column\" data-e-type=\"column\" data-settings=\"{&quot;background_background&quot;:&quot;classic&quot;}\">\n\t\t\t<div class=\"elementor-widget-wrap elementor-element-populated\">\n\t\t\t\t\t\t<div class=\"elementor-element elementor-element-c605b29 elementor-widget elementor-widget-spacer\" data-id=\"c605b29\" data-element_type=\"widget\" data-e-type=\"widget\" data-widget_type=\"spacer.default\">\n\t\t\t\t<div class=\"elementor-widget-container\">\n\t\t\t\t\t\t\t<div class=\"elementor-spacer\">\n\t\t\t<div class=\"elementor-spacer-inner\"><\/div>\n\t\t<\/div>\n\t\t\t\t\t\t<\/div>\n\t\t\t\t<\/div>\n\t\t\t\t\t<\/div>\n\t\t<\/div>\n\t\t\t\t\t<\/div>\n\t\t<\/section>\n\t\t<div class=\"elementor-element elementor-element-53121147 e-flex e-con-boxed e-con e-parent\" data-id=\"53121147\" data-element_type=\"container\" data-e-type=\"container\">\n\t\t\t\t\t<div class=\"e-con-inner\">\n\t\t\t\t<div class=\"elementor-element elementor-element-1002a624 elementor-widget elementor-widget-text-editor\" data-id=\"1002a624\" data-element_type=\"widget\" data-e-type=\"widget\" data-widget_type=\"text-editor.default\">\n\t\t\t\t<div class=\"elementor-widget-container\">\n\t\t\t\t\t\t\t\t\t\n<h2 class=\"wp-block-heading\">LEGAL Y PRIVACIDAD<\/h2>\n\n\n\n<h2 class=\"wp-block-heading\">CONDICIONES DE USO<\/h2>\n\n\n\n<h3 class=\"wp-block-heading\">1. OBJETO<\/h3>\n\n\n\n<p>Con estas condiciones de uso pretendemos que todos los usuarios conozcan cu\u00e1les son sus derechos y obligaciones desde el momento en que visitan nuestro sitio web.<\/p>\n\n\n\n<p>Del mismo modo, informamos a los usuarios respecto a cu\u00e1les son sus derechos y cu\u00e1les son sus obligaciones en relaci\u00f3n con los contenidos expuestos a trav\u00e9s de la plataforma, logotipos y marcas utilizadas, as\u00ed como las responsabilidades que pueden derivarse del uso del servicio.<\/p>\n\n\n\n<p>Todo usuario acepta expresamente y de forma inequ\u00edvoca, las condiciones de uso y la pol\u00edtica de privacidad, as\u00ed como las diferentes modificaciones y\/o textos legales adicionales que sean incluidas en el futuro. En caso de que no estar de acuerdo con alguna de las condiciones, puedes darte de baja del servicio en cualquier momento.<\/p>\n\n\n\n<p>A los efectos de la interpretaci\u00f3n de las presentes condiciones, entendemos que una persona pasa a ser usuaria en el momento en que \u00e9sta acepta las condiciones de uso y la pol\u00edtica de privacidad expuestas en el sitio web, bastando para ello que lo visite.<\/p>\n\n\n\n<h3 class=\"wp-block-heading\">2. RESPONSABILIDADES<\/h3>\n\n\n\n<p>Estamos profundamente comprometidos con que el servicio funcione correctamente y conforme a las condiciones acordadas con nuestros usuarios. No obstante, en ocasiones es posible que se produzcan, especialmente por la intervenci\u00f3n de terceros mal intencionados, situaciones que pudieran llegar derivar responsabilidades.<\/p>\n\n\n\n<p>En este sentido, a continuaci\u00f3n os indicamos aquellas situaciones en las que no nos hacemos responsables de las actuaciones de los usuarios, asumiendo los usuarios todas las responsabilidades derivadas:<\/p>\n\n\n\n<p>\u2022 En caso de que aparezca publicada en el sitio web o plataforma, informaci\u00f3n que no hubiera sido alojada por nuestra parte o que en su caso hubiera sido publicada por un tercero ajeno a la organizaci\u00f3n.<br>\u2022 En caso de que el sitio web y la plataforma no se encuentre operativa por razones t\u00e9cnicas imputables a terceros o causas imprevisibles o de fuerza mayor.<br>\u2022 En caso de que el usuario almacene, difunda, publique o distribuya en el sitio web cualquier tipo de material difamatorio, injurioso, discriminatorio, que incite a la violencia o que vaya contra la moral, el orden p\u00fablico, los derechos fundamentales, las libertas p\u00fablicas, el honor, la intimidad o la imagen de terceros.<br>\u2022 En caso de que el usuario utilice el sitio web o plataforma para introducir datos, virus, c\u00f3digo, equipo de hardware o de telecomunicaciones o cualquier otro instrumento o dispositivo electr\u00f3nico o f\u00edsico, y se causen da\u00f1os a los sistemas de otros usuarios.<\/p>\n\n\n\n<p>En caso de que cualquiera de los contenidos accesibles a trav\u00e9s del sitio web o plataforma fueran contrarios a la normativa vigente, nos comprometemos a proceder a su retirada inmediata, tan pronto tengamos conocimiento y corroboremos los hechos.<\/p>\n\n\n\n<h3 class=\"wp-block-heading\">3. PROPIEDAD INTELECTUAL E INDUSTRIAL<\/h3>\n\n\n\n<p>Estamos profundamente comprometidos con la protecci\u00f3n y defensa de los derechos de propiedad intelectual e industrial. Por ello, os informamos que:<\/p>\n\n\n\n<p>\u2022 En ning\u00fan caso podr\u00e1 entenderse que cedemos a los usuarios ning\u00fan derecho de explotaci\u00f3n sobre los contenidos expuestos m\u00e1s all\u00e1 de lo estrictamente necesario para la visualizaci\u00f3n de los mismos.<br>\u2022 Os garantizamos que todos los contenidos que ponemos a vuestra disposici\u00f3n son completamente originales y adecuados a la legislaci\u00f3n nacional vigente, encontr\u00e1ndose todos ellos protegidos por derechos de propiedad intelectual. En aquellos casos en los que no contamos con la propiedad de los contenidos, disponemos de todos los derechos relativos a la comunicaci\u00f3n p\u00fablica, distribuci\u00f3n y\/o reproducci\u00f3n.<br>\u2022 Todos los logotipos, marcas y nombres comerciales expuestos a trav\u00e9s del sitio web o de la plataforma, son de nuestra propiedad o en su caso de los terceros que nos hayan permitido su utilizaci\u00f3n y\/o explotaci\u00f3n.<br>\u2022 Bajo ning\u00fan concepto la navegaci\u00f3n a trav\u00e9s del sitio web puede suponer la renuncia, transmisi\u00f3n, licencia o cesi\u00f3n total o parcial respecto a los derechos de propiedad intelectual o industrial, salvo que se establezca por escrito lo contrario.<br>\u2022 Ninguno de los contenidos alojados en la plataforma puede ser descargado, reproducido o utilizado, en ning\u00fan otro dispositivo o lugar diferente a nuestro sitio web, salvo que se haya habilitado por nuestra parte el medio para ello.<br>\u2022 Por razones de seguridad, no est\u00e1 permitido utilizar \u201cframes\u201d o mecanismos que alteren o var\u00eden el dise\u00f1o, configuraci\u00f3n original o contenidos del sitio web.<br>\u2022 En lo que respecta a los links o hiperenlaces, es posible que os facilitemos el acceso a sitios web de terceros independientes que se encuentran directamente relacionados con la publicidad mostrada y reproducida a trav\u00e9s del sitio web o plataforma. Al no ser sitios&nbsp;de nuestra propiedad y sobre los que tengamos control, no nos hacemos responsables de los contenidos y\/o funcionamiento de los mismos.<\/p>\n\n\n\n<p>En caso de que cualquiera de vosotros detecte alg\u00fan tipo de contenido contrario a la normativa vigente o que puede ser da\u00f1ino para los usuarios, os rogamos nos lo notifique con la mayor brevedad posible a&nbsp;la siguiente direcci\u00f3n: EMAIL<\/p>\n\n\n\n<h3 class=\"wp-block-heading\">4. CONFIDENCIALIDAD Y PROTECCI\u00d3N DE DATOS<\/h3>\n\n\n\n<p>De conformidad con lo dispuesto por la Ley Org\u00e1nica 15\/1999, de 13 de diciembre, de Protecci\u00f3n de Datos de Car\u00e1cter Personal, todos los datos de car\u00e1cter personal facilitados durante la utilizaci\u00f3n del sitio web ser\u00e1n tratados de conformidad con lo dispuesto en la&nbsp;<a href=\"https:\/\/www.circuitosimpresos.net\/en\/legal-y-privacidad\/#privacidad\">Privacy Policy<\/a>&nbsp;que todo usuario debe aceptar expresamente para poder utilizar y registrarse en el sistema.<\/p>\n\n\n\n<p>Todo usuario que acepte las presentes condiciones de uso, acepta de forma informada, expresa e inequ\u00edvoca nuestra Pol\u00edtica de Privacidad, asisti\u00e9ndole en este sentido los derechos de acceso, rectificaci\u00f3n, cancelaci\u00f3n y oposici\u00f3n respecto a sus datos de car\u00e1cter personal, pudiendo ejercerlos seg\u00fan se informa en la mencionada Pol\u00edtica de Privacidad.<\/p>\n\n\n\n<h3 class=\"wp-block-heading\">5. RESOLUCI\u00d3N DE CONTROVERSIAS<\/h3>\n\n\n\n<p>Para toda cuesti\u00f3n litigiosa o que incumba a nuestro sitio web o cualquiera de los que de \u00e9l dependa, ser\u00e1 de aplicaci\u00f3n la legislaci\u00f3n espa\u00f1ola, siendo competentes para la resoluci\u00f3n de todos los conflictos derivados o relacionados con el uso del presente sitio Web, los Juzgados y Tribunales de Madrid, siempre que la legislaci\u00f3n aplicable no disponga expresamente que la competencia de corresponde a los juzgados o tribunales de otro fuero.<\/p>\n\n\n\n<p>Para presentar reclamaciones en el uso de nuestros servicios pueden dirigirse por correo a la direcci\u00f3n electr\u00f3nica o f\u00edsica especificada en el numeral 1 de nuestra&nbsp;Pol\u00edtica de Privacidad, debiendo recurrir en todo caso a una soluci\u00f3n amistosa en primera instancia.<\/p>\n\n\n\n<h2 class=\"wp-block-heading\" id=\"privacidad\">POL\u00cdTICA DE PRIVACIDAD<\/h2>\n\n\n\n<h3 class=\"wp-block-heading\">1. IDENTIFICACI\u00d3N<\/h3>\n\n\n\n<p>\u2022 Titular:<br>\u2022 Domicilio Social:<br>\u2022 Oficina:<br>\u2022 NIF:<br>\u2022 Tel\u00e9fono:<br>\u2022 E-mail:<\/p>\n\n\n\n<h3 class=\"wp-block-heading\">2. INFORMACI\u00d3N Y CONSENTIMIENTO<\/h3>\n\n\n\n<p>De conformidad con lo dispuesto en la Ley Org\u00e1nica 15\/1999, de Protecci\u00f3n de Datos de Car\u00e1cter Personal (LOPD) prestas t\u00fa consentimiento informado, expreso, libre y de forma inequ\u00edvoca para que tus datos personales (en caso de que nos los hayas facilitado)&nbsp;sean incluidos en un fichero propiedad de Best Marketing, S.L. debidamente inscrito ante la Agencia Espa\u00f1ola de Protecci\u00f3n de Datos, respecto del que se garantiza que han sido aplicadas las medidas de seguridad jur\u00eddicas y tecnol\u00f3gicas requeridas legalmente por el Real Decreto 1720\/2007 (RLOPD).<\/p>\n\n\n\n<p>Todos los datos personales solicitados son obligatorios, no siendo posible su registro e inscripci\u00f3n si no nos facilita los datos completos, sin perjuicio de que podr\u00e1 visualizar libremente el contenido del sitio web.<\/p>\n\n\n\n<p>Los datos personales que tratamos a trav\u00e9s del sitio Web, s\u00f3lo ser\u00e1n utilizados para:<\/p>\n\n\n\n<p>\u2022 Remitiros informaci\u00f3n v\u00eda e-mail respecto a la evoluci\u00f3n del titular y del sector.<br>\u2022 Remitiros informaci\u00f3n relativa a acuerdos, convenios e iniciativas a los que lleguemos con terceros y que sean de inter\u00e9s para los usuarios.<br>\u2022 Remitir peri\u00f3dicamente nuestro bolet\u00edn electr\u00f3nico.<br>\u2022 En caso de habilitarse, tramitar y gestionar vuestra alta como usuarios registrados.<br>\u2022 Realizar informes estad\u00edsticos an\u00f3nimos respecto a los h\u00e1bitos de acceso y la actividad desarrollada por los usuarios en la Web.<\/p>\n\n\n\n<p>En ning\u00fan caso realizaremos alguna de las siguientes actividades:<\/p>\n\n\n\n<p>\u2022 Ceder datos personales de usuarios&nbsp;a otras personas o entidades, sin vuestro consentimiento previo.<br>\u2022 Transferir datos personales de usuarios&nbsp;a otros Estados, sin vuestro consentimiento previo.<\/p>\n\n\n\n<h3 class=\"wp-block-heading\">3. DATOS ESTAD\u00cdSTICOS Y COOKIES<\/h3>\n\n\n\n<p>Nuestro sitio Web cuenta con Cookies y ficheros de actividad que permiten conocer la actividad realizada por los usuarios.<\/p>\n\n\n\n<p>Nos reservamos el derecho a compartir esta informaci\u00f3n an\u00f3nima y sin ning\u00fan tipo de dato personal con otras empresas, clientes, proveedores, patrocinadores y\/o anunciantes.<\/p>\n\n\n\n<p>La herramienta utilizada para el control y an\u00e1lisis de las visitas recibidas en el sitio Web es Google Analytics. Se trata de un servicio anal\u00edtico de Web prestado por Google, Inc., una compa\u00f1\u00eda de Delaware, EE.UU, cuya oficina principal est\u00e1 en 1600 Amphitheatre Parkway, Mountain View (California), CA 94043, Estados Unidos (\u201cGoogle\u201d).<\/p>\n\n\n\n<p>Google Analytics utiliza \u201ccookies\u201d, que son archivos de texto ubicados en su ordenador, para ayudar al website a analizar el uso que hacen los usuarios del sitio Web.<\/p>\n\n\n\n<p>La informaci\u00f3n que genera la cookie acerca de vuestro uso del website (incluyendo su direcci\u00f3n IP) ser\u00e1 directamente transmitida y archivada por Google en los servidores de Estados Unidos. Google usar\u00e1 esta informaci\u00f3n por cuenta nuestra con el prop\u00f3sito de seguir la pista del uso del website, recopilando informes de la actividad y prestando otros servicios relacionados con nuestra actividad y el uso de Internet. Google podr\u00e1 transmitir dicha informaci\u00f3n a terceros cuando as\u00ed se lo requiera la legislaci\u00f3n, o cuando dichos terceros procesen la informaci\u00f3n por cuenta de Google.<\/p>\n\n\n\n<p>Google no asociar\u00e1 su direcci\u00f3n IP con ning\u00fan otro dato del que disponga. Puede rechazar el tratamiento de los datos o la informaci\u00f3n rechazando el uso de cookies mediante la selecci\u00f3n de la configuraci\u00f3n apropiada de su navegador, sin embargo, debe Usted saber que si lo hace puede ser que no pueda usar la plena funcionabilidad de este website. Al utilizar este website Usted consiente el tratamiento de informaci\u00f3n acerca de Usted por Google en la forma y para los fines arriba indicados.<\/p>\n\n\n\n<p>Para m\u00e1s informaci\u00f3n, puede consultar la&nbsp;<a href=\"https:\/\/www.best-marketing.es\/politica-de-cookies\/\">Cookies Policy<\/a>.<\/p>\n\n\n\n<h3 class=\"wp-block-heading\">4. COMUNICACIONES COMERCIALES Y PROMOCIONALES<\/h3>\n\n\n\n<p>Como os hemos indicado anteriormente, una de las finalidades para las que trataremos vuestros datos personales (en caso de que nos los hay\u00e1is facilitado) es para remitiros comunicaciones electr\u00f3nicas con informaci\u00f3n relevante y de actualidad de nuestra entidad y de otros miembros del sector.<\/p>\n\n\n\n<p>Siempre que realicemos alguna comunicaci\u00f3n de este tipo ser\u00e1 realizada \u00fanicamente a aquellos usuarios que hubieran autorizado previamente la recepci\u00f3n de la misma. En caso de que no desee recibir comunicaciones comerciales o promocionales, puede darse de baja del servicio mediante correo postal o email.<\/p>\n\n\n\n<p>Del mismo modo, os informamos que nos reservamos el derecho de realizar publicidad durante la navegaci\u00f3n. Entre otras herramientas para realizar publicidad y afiliaci\u00f3n empleamos los servicios de Google Adsense.<\/p>\n\n\n\n<p>Google, como proveedor asociado, utiliza cookies para publicar anuncios en este sitio Web. Los usuarios pueden inhabilitar el uso de la cookie de DART a trav\u00e9s del anuncio de Google y accediendo a la pol\u00edtica de privacidad de la red de contenido. Google utiliza empresas publicitarias asociadas para publicar anuncios cuando visita nuestro sitio Web. Es posible que estas empresas usen la informaci\u00f3n que obtienen de sus visitas a este y otros sitios Web (sin incluir su nombre, direcci\u00f3n, direcci\u00f3n de correo electr\u00f3nico o n\u00famero de tel\u00e9fono) para ofrecerle anuncios sobre productos y servicios que le resulten de inter\u00e9s. Si desea obtener m\u00e1s informaci\u00f3n sobre esta pr\u00e1ctica y conocer sus opciones para impedir que estas empresas usen esta informaci\u00f3n,&nbsp;puede consultar la&nbsp;<a href=\"https:\/\/www.best-marketing.es\/politica-de-cookies\/\">Cookies Policy<\/a>.<\/p>\n\n\n\n<h3 class=\"wp-block-heading\">5. EJERCICIO DE DERECHOS<\/h3>\n\n\n\n<p>Cualquier usuario que as\u00ed lo dese\u00e9 puede ejercer sus derechos de Acceso, Rectificaci\u00f3n, Cancelaci\u00f3n y Oposici\u00f3n, solicit\u00e1ndolo por escrito a trav\u00e9s de cualquiera de los medios siguientes, incluyendo junto a la solicitud una copia de su DNI o documento oficial acreditativo de la identidad.<\/p>\n\n\n\n<p>\u2022 Correo Postal:<br>\u2022 E-mail:<\/p>\n\t\t\t\t\t\t\t\t<\/div>\n\t\t\t\t<\/div>\n\t\t\t\t\t<\/div>\n\t\t\t\t<\/div>\n\t\t\t\t<\/div>","protected":false},"excerpt":{"rendered":"<p>Legal y Privacidad LEGAL Y PRIVACIDAD CONDICIONES DE USO 1. OBJETO Con estas condiciones de uso pretendemos que todos los usuarios conozcan cu\u00e1les son sus derechos y obligaciones desde el momento en que visitan nuestro sitio web. Del mismo modo, informamos a los usuarios respecto a cu\u00e1les son sus derechos y cu\u00e1les son sus obligaciones [&hellip;]<\/p>\n","protected":false},"author":1,"featured_media":0,"parent":0,"menu_order":0,"comment_status":"closed","ping_status":"open","template":"","meta":{"footnotes":""},"class_list":["post-3","page","type-page","status-publish","hentry"],"yoast_head":"<!-- This site is optimized with the Yoast SEO plugin v27.1.1 - https:\/\/yoast.com\/product\/yoast-seo-wordpress\/ -->\n<title>Legal y Privacidad - CISA - Circuitos Impresos, SA<\/title>\n<meta name=\"robots\" content=\"index, follow, max-snippet:-1, max-image-preview:large, max-video-preview:-1\" \/>\n<link rel=\"canonical\" href=\"https:\/\/www.circuitosimpresos.net\/en\/legal-y-privacidad\/\" \/>\n<meta property=\"og:locale\" content=\"en_US\" \/>\n<meta property=\"og:type\" content=\"article\" \/>\n<meta property=\"og:title\" content=\"Legal y Privacidad - CISA - Circuitos Impresos, SA\" \/>\n<meta property=\"og:description\" content=\"Legal y Privacidad LEGAL Y PRIVACIDAD CONDICIONES DE USO 1. OBJETO Con estas condiciones de uso pretendemos que todos los usuarios conozcan cu\u00e1les son sus derechos y obligaciones desde el momento en que visitan nuestro sitio web. Del mismo modo, informamos a los usuarios respecto a cu\u00e1les son sus derechos y cu\u00e1les son sus obligaciones [&hellip;]\" \/>\n<meta property=\"og:url\" content=\"https:\/\/www.circuitosimpresos.net\/en\/legal-y-privacidad\/\" \/>\n<meta property=\"og:site_name\" content=\"CISA - Circuitos Impresos, SA\" \/>\n<meta property=\"article:modified_time\" content=\"2025-10-03T09:05:42+00:00\" \/>\n<meta name=\"twitter:card\" content=\"summary_large_image\" \/>\n<meta name=\"twitter:label1\" content=\"Est. reading time\" \/>\n\t<meta name=\"twitter:data1\" content=\"9 minutes\" \/>\n<script type=\"application\/ld+json\" class=\"yoast-schema-graph\">{\"@context\":\"https:\/\/schema.org\",\"@graph\":[{\"@type\":\"WebPage\",\"@id\":\"https:\/\/www.circuitosimpresos.net\/legal-y-privacidad\/\",\"url\":\"https:\/\/www.circuitosimpresos.net\/legal-y-privacidad\/\",\"name\":\"Legal y Privacidad - CISA - Circuitos Impresos, SA\",\"isPartOf\":{\"@id\":\"https:\/\/www.circuitosimpresos.net\/#website\"},\"datePublished\":\"2025-05-13T08:35:15+00:00\",\"dateModified\":\"2025-10-03T09:05:42+00:00\",\"breadcrumb\":{\"@id\":\"https:\/\/www.circuitosimpresos.net\/legal-y-privacidad\/#breadcrumb\"},\"inLanguage\":\"en-US\",\"potentialAction\":[{\"@type\":\"ReadAction\",\"target\":[\"https:\/\/www.circuitosimpresos.net\/legal-y-privacidad\/\"]}]},{\"@type\":\"BreadcrumbList\",\"@id\":\"https:\/\/www.circuitosimpresos.net\/legal-y-privacidad\/#breadcrumb\",\"itemListElement\":[{\"@type\":\"ListItem\",\"position\":1,\"name\":\"Portada\",\"item\":\"https:\/\/www.circuitosimpresos.net\/\"},{\"@type\":\"ListItem\",\"position\":2,\"name\":\"Legal y Privacidad\"}]},{\"@type\":\"WebSite\",\"@id\":\"https:\/\/www.circuitosimpresos.net\/#website\",\"url\":\"https:\/\/www.circuitosimpresos.net\/\",\"name\":\"CISA - Circuitos Impresos, SA\",\"description\":\"\",\"potentialAction\":[{\"@type\":\"SearchAction\",\"target\":{\"@type\":\"EntryPoint\",\"urlTemplate\":\"https:\/\/www.circuitosimpresos.net\/?s={search_term_string}\"},\"query-input\":{\"@type\":\"PropertyValueSpecification\",\"valueRequired\":true,\"valueName\":\"search_term_string\"}}],\"inLanguage\":\"en-US\"}]}<\/script>\n<!-- \/ Yoast SEO plugin. -->","yoast_head_json":{"title":"Legal y Privacidad - CISA - Circuitos Impresos, SA","robots":{"index":"index","follow":"follow","max-snippet":"max-snippet:-1","max-image-preview":"max-image-preview:large","max-video-preview":"max-video-preview:-1"},"canonical":"https:\/\/www.circuitosimpresos.net\/en\/legal-y-privacidad\/","og_locale":"en_US","og_type":"article","og_title":"Legal y Privacidad - CISA - Circuitos Impresos, SA","og_description":"Legal y Privacidad LEGAL Y PRIVACIDAD CONDICIONES DE USO 1. OBJETO Con estas condiciones de uso pretendemos que todos los usuarios conozcan cu\u00e1les son sus derechos y obligaciones desde el momento en que visitan nuestro sitio web. Del mismo modo, informamos a los usuarios respecto a cu\u00e1les son sus derechos y cu\u00e1les son sus obligaciones [&hellip;]","og_url":"https:\/\/www.circuitosimpresos.net\/en\/legal-y-privacidad\/","og_site_name":"CISA - Circuitos Impresos, SA","article_modified_time":"2025-10-03T09:05:42+00:00","twitter_card":"summary_large_image","twitter_misc":{"Est. reading time":"9 minutes"},"schema":{"@context":"https:\/\/schema.org","@graph":[{"@type":"WebPage","@id":"https:\/\/www.circuitosimpresos.net\/legal-y-privacidad\/","url":"https:\/\/www.circuitosimpresos.net\/legal-y-privacidad\/","name":"Legal y Privacidad - CISA - Circuitos Impresos, SA","isPartOf":{"@id":"https:\/\/www.circuitosimpresos.net\/#website"},"datePublished":"2025-05-13T08:35:15+00:00","dateModified":"2025-10-03T09:05:42+00:00","breadcrumb":{"@id":"https:\/\/www.circuitosimpresos.net\/legal-y-privacidad\/#breadcrumb"},"inLanguage":"en-US","potentialAction":[{"@type":"ReadAction","target":["https:\/\/www.circuitosimpresos.net\/legal-y-privacidad\/"]}]},{"@type":"BreadcrumbList","@id":"https:\/\/www.circuitosimpresos.net\/legal-y-privacidad\/#breadcrumb","itemListElement":[{"@type":"ListItem","position":1,"name":"Portada","item":"https:\/\/www.circuitosimpresos.net\/"},{"@type":"ListItem","position":2,"name":"Legal y Privacidad"}]},{"@type":"WebSite","@id":"https:\/\/www.circuitosimpresos.net\/#website","url":"https:\/\/www.circuitosimpresos.net\/","name":"CISA - Circuitos Impresos, SA","description":"","potentialAction":[{"@type":"SearchAction","target":{"@type":"EntryPoint","urlTemplate":"https:\/\/www.circuitosimpresos.net\/?s={search_term_string}"},"query-input":{"@type":"PropertyValueSpecification","valueRequired":true,"valueName":"search_term_string"}}],"inLanguage":"en-US"}]}},"_links":{"self":[{"href":"https:\/\/www.circuitosimpresos.net\/en\/wp-json\/wp\/v2\/pages\/3","targetHints":{"allow":["GET"]}}],"collection":[{"href":"https:\/\/www.circuitosimpresos.net\/en\/wp-json\/wp\/v2\/pages"}],"about":[{"href":"https:\/\/www.circuitosimpresos.net\/en\/wp-json\/wp\/v2\/types\/page"}],"author":[{"embeddable":true,"href":"https:\/\/www.circuitosimpresos.net\/en\/wp-json\/wp\/v2\/users\/1"}],"replies":[{"embeddable":true,"href":"https:\/\/www.circuitosimpresos.net\/en\/wp-json\/wp\/v2\/comments?post=3"}],"version-history":[{"count":8,"href":"https:\/\/www.circuitosimpresos.net\/en\/wp-json\/wp\/v2\/pages\/3\/revisions"}],"predecessor-version":[{"id":876,"href":"https:\/\/www.circuitosimpresos.net\/en\/wp-json\/wp\/v2\/pages\/3\/revisions\/876"}],"wp:attachment":[{"href":"https:\/\/www.circuitosimpresos.net\/en\/wp-json\/wp\/v2\/media?parent=3"}],"curies":[{"name":"wp","href":"https:\/\/api.w.org\/{rel}","templated":true}]}}